{"id":12,"date":"2016-03-11T09:26:45","date_gmt":"2016-03-11T12:26:45","guid":{"rendered":"https:\/\/cfp655esquel.edu.ar\/cfp655\/?page_id=12"},"modified":"2023-09-05T14:44:54","modified_gmt":"2023-09-05T17:44:54","slug":"historia","status":"publish","type":"page","link":"https:\/\/cfp655esquel.edu.ar\/cfp655\/historia\/","title":{"rendered":"Historia"},"content":{"rendered":"\t\t<div data-elementor-type=\"wp-page\" data-elementor-id=\"12\" class=\"elementor elementor-12\" data-elementor-post-type=\"page\">\n\t\t\t\t\t\t<section class=\"elementor-section elementor-top-section elementor-element elementor-element-2be0eb0e elementor-section-boxed elementor-section-height-default elementor-section-height-default\" data-id=\"2be0eb0e\" data-element_type=\"section\" data-e-type=\"section\">\n\t\t\t\t\t\t<div class=\"elementor-container elementor-column-gap-default\">\n\t\t\t\t\t<div class=\"elementor-column elementor-col-100 elementor-top-column elementor-element elementor-element-26294ab3\" data-id=\"26294ab3\" data-element_type=\"column\" data-e-type=\"column\">\n\t\t\t<div class=\"elementor-widget-wrap elementor-element-populated\">\n\t\t\t\t\t\t<div class=\"elementor-element elementor-element-8a1a1fb elementor-widget elementor-widget-heading\" data-id=\"8a1a1fb\" data-element_type=\"widget\" data-e-type=\"widget\" data-widget_type=\"heading.default\">\n\t\t\t\t<div class=\"elementor-widget-container\">\n\t\t\t\t\t<h3 class=\"elementor-heading-title elementor-size-medium\">Historia<\/h3>\t\t\t\t<\/div>\n\t\t\t\t<\/div>\n\t\t\t\t<div class=\"elementor-element elementor-element-334cc390 elementor-widget elementor-widget-text-editor\" data-id=\"334cc390\" data-element_type=\"widget\" data-e-type=\"widget\" data-widget_type=\"text-editor.default\">\n\t\t\t\t<div class=\"elementor-widget-container\">\n\t\t\t\t\t\t\t\t\t<p class=\"textohome\" style=\"text-align: justify;\"><a href=\"https:\/\/cfp655esquel.edu.ar\/cfp655\/wp-content\/uploads\/2016\/03\/historiaaimogasta.jpg\" target=\"_blank\" rel=\"noopener\"><img fetchpriority=\"high\" decoding=\"async\" class=\"alignleft wp-image-122 size-medium\" src=\"https:\/\/cfp655esquel.edu.ar\/cfp655\/wp-content\/uploads\/2016\/03\/historiaaimogasta-300x218.jpg\" alt=\"historiaaimogasta\" width=\"300\" height=\"218\" srcset=\"https:\/\/cfp655esquel.edu.ar\/cfp655\/wp-content\/uploads\/2016\/03\/historiaaimogasta-300x218.jpg 300w, https:\/\/cfp655esquel.edu.ar\/cfp655\/wp-content\/uploads\/2016\/03\/historiaaimogasta.jpg 600w\" sizes=\"(max-width: 300px) 100vw, 300px\" \/><\/a><span style=\"color: #000000;\">El Centro de Formaci\u00f3n Profesional N\u00b0 655 tiene sus or\u00edgenes en la Misi\u00f3n Monot\u00e9cnica y de Extensi\u00f3n Cultural N\u00b0 31, dependiente del Consejo Nacional de Educaci\u00f3n T\u00e9cnica (Ex\u00a0<a style=\"color: #000000;\" href=\"http:\/\/www.inet.edu.ar\/links\/exconet.html\" target=\"_blank\" rel=\"noopener\">C.O.N.E.T.<\/a>). La misma fue creada en el pueblo de\u00a0Aimogasta, en la provincia de La Rioja, con la especialidad de Carpinter\u00eda, abriendo sus puertas por primera vez el 7 de marzo de 1949, \u00a0a una matr\u00edcula inicial de\u00a0<strong>26 Estudiantes<\/strong>\u00a0 bajo la Direcci\u00f3n del Se\u00f1or Tr\u00e1nsito Aguilera.<\/span><\/p><p class=\"textohome\" style=\"text-align: justify;\"><span style=\"color: #000000;\">Como el resto de las Misiones Monot\u00e9cnicas dependientes del ex\u00a0<a style=\"color: #000000;\" href=\"http:\/\/www.inet.edu.ar\/links\/exconet.html\" target=\"_blank\" rel=\"noopener\">C.O.N.E.T.<\/a>, pose\u00eda una sola especialidad que dictaba a adolescentes en ciclos de dos a\u00f1os. Al cabo de uno o dos ciclos en peque\u00f1os pueblos, se trasladaba para no saturar el lugar con egresados del oficio, por lo que recorri\u00f3 tambi\u00e9n\u00a0Cuip\u00e1n, Villa Bustos (actualmente\u00a0Villa Sanagasta) entre otros lugares de La Rioja y\u00a0Chumbicha\u00a0y\u00a0Miraflores\u00a0en Catamarca.<\/span><\/p><p class=\"textohome\" style=\"text-align: justify;\"><span style=\"color: #000000;\">En 1966 se traslada a la Patagonia, \u00a0a la provincia de Neuqu\u00e9n, en la que permanece alternando entre las ciudades de\u00a0<strong>San Mart\u00edn de los Andes<\/strong>\u00a0\u00a0y\u00a0Jun\u00edn de los Andes\u00a0hasta fines del a\u00f1o 1978.<\/span><\/p><p class=\"textohome\" style=\"text-align: justify;\"><span style=\"color: #000000;\"><a style=\"color: #000000;\" href=\"https:\/\/cfp655esquel.edu.ar\/cfp655\/wp-content\/uploads\/2016\/03\/historiaesquel.jpg\" target=\"_blank\" rel=\"noopener\"><img decoding=\"async\" class=\"alignright wp-image-123 size-medium\" src=\"https:\/\/cfp655esquel.edu.ar\/cfp655\/wp-content\/uploads\/2016\/03\/historiaesquel-300x292.jpg\" alt=\"historiaesquel\" width=\"300\" height=\"292\" srcset=\"https:\/\/cfp655esquel.edu.ar\/cfp655\/wp-content\/uploads\/2016\/03\/historiaesquel-300x292.jpg 300w, https:\/\/cfp655esquel.edu.ar\/cfp655\/wp-content\/uploads\/2016\/03\/historiaesquel.jpg 600w\" sizes=\"(max-width: 300px) 100vw, 300px\" \/><\/a>En 1979, asume al cargo de Director de la Misi\u00f3n Monot\u00e9cnica, el Se\u00f1or\u00a0Rogelio Marcelo Morilla, quien acepta el desaf\u00edo de trasladar la Escuela al por aquel entonces peque\u00f1o pueblo de\u00a0Perito Moreno, en la provincia de Santa Cruz, donde permanece hasta el a\u00f1o 1981, para dirigirse luego a la localidad de\u00a0Las\u00a0Heras, por un per\u00edodo de aproximadamente cinco a\u00f1os.<\/span><\/p><p class=\"textohome\" style=\"text-align: justify;\"><span style=\"color: #000000;\">En 1987 la Misi\u00f3n Monot\u00e9cnica N\u00b0 31 ingresa a la provincia del Chubut, realizando sus primeros ciclos en\u00a0Sarmiento\u00a0hasta 1990. Finalmente a principios del 91 arriba a la ciudad de Esquel\u00a0gracias a la solicitud del Rotary Club, Instituci\u00f3n que en convenio con la Municipalidad de Esquel asume el compromiso del traslado.<\/span><\/p><p class=\"textohome\" style=\"text-align: justify;\"><span style=\"color: #000000;\">En el a\u00f1o 1993, a\u00fan bajo la Direcci\u00f3n del Se\u00f1or\u00a0Rogelio Marcelo Morilla\u00a0y como consecuencia del traspaso de las Escuelas Nacionales a las \u00f3rbitas provinciales, la Misi\u00f3n Monot\u00e9cnica N\u00b0 31, abre las puertas a j\u00f3venes y adultos de la ciudad de Esquel, incluyendo la especialidad de Gasista entre otras y se convierte en el\u00a0<strong>CENTRO DE FORMACI\u00d3N PROFESIONAL N\u00b0 655<\/strong>, dependiente del Ex Ministerio de Cultura y Educaci\u00f3n de la Provincia del Chubut con una matr\u00edcula de aproximadamente 85 alumnos entre adolescentes y adultos<\/span><\/p><p class=\"textohome\" style=\"text-align: justify;\"><span style=\"color: #000000;\"><strong><a style=\"color: #000000;\" href=\"https:\/\/cfp655esquel.edu.ar\/galerias\/historia\/index.html\" target=\"_blank\" rel=\"noopener\">GALERIA DE FOTOS HISTORIA CRONOLOGICA CFP 655<\/a><\/strong><\/span><\/p>\t\t\t\t\t\t\t\t<\/div>\n\t\t\t\t<\/div>\n\t\t\t\t\t<\/div>\n\t\t<\/div>\n\t\t\t\t\t<\/div>\n\t\t<\/section>\n\t\t\t\t<\/div>\n\t\t","protected":false},"excerpt":{"rendered":"<p>Historia El Centro de Formaci\u00f3n Profesional N\u00b0 655 tiene sus or\u00edgenes en la Misi\u00f3n Monot\u00e9cnica y de Extensi\u00f3n Cultural N\u00b0 31, dependiente del Consejo Nacional de Educaci\u00f3n T\u00e9cnica (Ex\u00a0C.O.N.E.T.). La misma fue creada en el pueblo de\u00a0Aimogasta, en la provincia de La Rioja, con la especialidad de Carpinter\u00eda, abriendo sus puertas por primera vez el &#8230; <a title=\"Historia\" class=\"read-more\" href=\"https:\/\/cfp655esquel.edu.ar\/cfp655\/historia\/\" aria-label=\"Leer m\u00e1s sobre Historia\">Leer m\u00e1s&#8230;<\/a><\/p>\n","protected":false},"author":2,"featured_media":0,"parent":0,"menu_order":0,"comment_status":"closed","ping_status":"closed","template":"","meta":{"generate_page_header":"","footnotes":""},"class_list":{"0":"post-12","1":"page","2":"type-page","3":"status-publish","5":"infinite-scroll-item"},"_links":{"self":[{"href":"https:\/\/cfp655esquel.edu.ar\/cfp655\/wp-json\/wp\/v2\/pages\/12","targetHints":{"allow":["GET"]}}],"collection":[{"href":"https:\/\/cfp655esquel.edu.ar\/cfp655\/wp-json\/wp\/v2\/pages"}],"about":[{"href":"https:\/\/cfp655esquel.edu.ar\/cfp655\/wp-json\/wp\/v2\/types\/page"}],"author":[{"embeddable":true,"href":"https:\/\/cfp655esquel.edu.ar\/cfp655\/wp-json\/wp\/v2\/users\/2"}],"replies":[{"embeddable":true,"href":"https:\/\/cfp655esquel.edu.ar\/cfp655\/wp-json\/wp\/v2\/comments?post=12"}],"version-history":[{"count":33,"href":"https:\/\/cfp655esquel.edu.ar\/cfp655\/wp-json\/wp\/v2\/pages\/12\/revisions"}],"predecessor-version":[{"id":9496,"href":"https:\/\/cfp655esquel.edu.ar\/cfp655\/wp-json\/wp\/v2\/pages\/12\/revisions\/9496"}],"wp:attachment":[{"href":"https:\/\/cfp655esquel.edu.ar\/cfp655\/wp-json\/wp\/v2\/media?parent=12"}],"curies":[{"name":"wp","href":"https:\/\/api.w.org\/{rel}","templated":true}]}}