{"id":164,"date":"2016-03-17T16:59:30","date_gmt":"2016-03-17T19:59:30","guid":{"rendered":"https:\/\/cfp655esquel.edu.ar\/cfp655\/?page_id=164"},"modified":"2023-09-01T15:28:39","modified_gmt":"2023-09-01T18:28:39","slug":"practicas-profesionalizantes","status":"publish","type":"page","link":"https:\/\/cfp655esquel.edu.ar\/cfp655\/practicas-profesionalizantes\/","title":{"rendered":"Pr\u00e1cticas Profesionalizantes"},"content":{"rendered":"\t\t<div data-elementor-type=\"wp-page\" data-elementor-id=\"164\" class=\"elementor elementor-164\" data-elementor-post-type=\"page\">\n\t\t\t\t\t\t<section class=\"elementor-section elementor-top-section elementor-element elementor-element-23cac247 elementor-section-boxed elementor-section-height-default elementor-section-height-default\" data-id=\"23cac247\" data-element_type=\"section\" data-e-type=\"section\">\n\t\t\t\t\t\t<div class=\"elementor-container elementor-column-gap-default\">\n\t\t\t\t\t<div class=\"elementor-column elementor-col-100 elementor-top-column elementor-element elementor-element-6099de1f\" data-id=\"6099de1f\" data-element_type=\"column\" data-e-type=\"column\">\n\t\t\t<div class=\"elementor-widget-wrap elementor-element-populated\">\n\t\t\t\t\t\t<div class=\"elementor-element elementor-element-2a1329a elementor-widget elementor-widget-heading\" data-id=\"2a1329a\" data-element_type=\"widget\" data-e-type=\"widget\" data-widget_type=\"heading.default\">\n\t\t\t\t<div class=\"elementor-widget-container\">\n\t\t\t\t\t<h3 class=\"elementor-heading-title elementor-size-medium\">Pr\u00e1cticas Profesionalizantes<\/h3>\t\t\t\t<\/div>\n\t\t\t\t<\/div>\n\t\t\t\t<div class=\"elementor-element elementor-element-61bbd02b elementor-widget elementor-widget-text-editor\" data-id=\"61bbd02b\" data-element_type=\"widget\" data-e-type=\"widget\" data-widget_type=\"text-editor.default\">\n\t\t\t\t<div class=\"elementor-widget-container\">\n\t\t\t\t\t\t\t\t\t<p style=\"text-align: justify;\"><img fetchpriority=\"high\" decoding=\"async\" class=\"wp-image-8399 size-medium alignleft\" src=\"https:\/\/cfp655esquel.edu.ar\/cfp655\/wp-content\/uploads\/2023\/05\/CFP655-MantenimientoyReparacion2023-02-300x224.jpg\" alt=\"\" width=\"300\" height=\"224\" srcset=\"https:\/\/cfp655esquel.edu.ar\/cfp655\/wp-content\/uploads\/2023\/05\/CFP655-MantenimientoyReparacion2023-02-300x224.jpg 300w, https:\/\/cfp655esquel.edu.ar\/cfp655\/wp-content\/uploads\/2023\/05\/CFP655-MantenimientoyReparacion2023-02.jpg 1024w\" sizes=\"(max-width: 300px) 100vw, 300px\" \/><span style=\"font-size: 16px;\">En el marco de la Ley Nacional de Educaci\u00f3n T\u00e9cnico Profesional N\u00ba 26.058 el\u00a0 <\/span><strong style=\"font-size: 16px;\">Centro de Formaci\u00f3n Profesional N\u00ba 655<\/strong><span style=\"font-size: 16px;\">\u00a0incluye en la gran mayor\u00eda de sus cursos la realizaci\u00f3n de\u00a0<\/span><strong style=\"font-size: 16px;\">Pr\u00e1cticas Profesionalizantes<\/strong><span style=\"font-size: 16px;\">. Estas pr\u00e1cticas toman dos formatos:<\/span><\/p><p style=\"text-align: justify;\">El primero, el de pr\u00e1cticas en las aulas-talleres del <strong>Centro de Formaci\u00f3n<\/strong>, que posibilitan al estudiante tener el primer contacto con las actividades propias de la capacitaci\u00f3n que se encuentran realizando, como as\u00ed tambi\u00e9n conocer e interiorizarse en el uso de las m\u00e1quinas, herramientas y elementos propios del rubro.<\/p><p style=\"text-align: justify;\"><img decoding=\"async\" class=\"wp-image-8334 size-medium alignright\" src=\"https:\/\/cfp655esquel.edu.ar\/cfp655\/wp-content\/uploads\/2023\/05\/CFP655-GasistaDomiciliario2023-04-225x300.jpg\" alt=\"\" width=\"225\" height=\"300\" srcset=\"https:\/\/cfp655esquel.edu.ar\/cfp655\/wp-content\/uploads\/2023\/05\/CFP655-GasistaDomiciliario2023-04-225x300.jpg 225w, https:\/\/cfp655esquel.edu.ar\/cfp655\/wp-content\/uploads\/2023\/05\/CFP655-GasistaDomiciliario2023-04.jpg 768w\" sizes=\"(max-width: 225px) 100vw, 225px\" \/>El segundo, la realizaci\u00f3n de Pr\u00e1cticas Profesionalizantes en empresas o instituciones, lo que posibilita que el\/la estudiante se desempe\u00f1e en un ambiente real de trabajo y que el potencial empleador conozca a las personas que se encuentran en capacitaci\u00f3n.<\/p><p style=\"text-align: justify;\">Para esto, el\u00a0<strong>CFP N\u00ba 655<\/strong>, firma \u201cActas Acuerdos\u201d con los empresas e instituciones de la localidad, que permiten que los\/as estudiantes, durante un determinado per\u00edodo acudan a realizar las pr\u00e1cticas profesionalizantes, adapt\u00e1ndose a las condiciones y reglamentos propios de cada lugar en el que les corresponde la realizaci\u00f3n de la pr\u00e1ctica.<\/p><p style=\"text-align: justify;\"><img decoding=\"async\" class=\"wp-image-7874 size-medium alignleft\" src=\"https:\/\/cfp655esquel.edu.ar\/cfp655\/wp-content\/uploads\/2022\/12\/CFP655-MonitorCIERRE-19-300x225.jpg\" alt=\"\" width=\"300\" height=\"225\" srcset=\"https:\/\/cfp655esquel.edu.ar\/cfp655\/wp-content\/uploads\/2022\/12\/CFP655-MonitorCIERRE-19-300x225.jpg 300w, https:\/\/cfp655esquel.edu.ar\/cfp655\/wp-content\/uploads\/2022\/12\/CFP655-MonitorCIERRE-19.jpg 1024w\" sizes=\"(max-width: 300px) 100vw, 300px\" \/>El desarrollo de este tipo de pr\u00e1cticas es fundamental para lograr un contacto directo entre futuro trabajador y posible empleador, ya que los primeros hacen sus pasos iniciales en el medio real de trabajo y los segundos comienzan a conocer y evaluar desde su perspectiva a los que a futuro pueden llegar a ser sus empleados.<\/p><p style=\"text-align: justify;\">Se cierra as\u00ed el c\u00edrculo de capacitaci\u00f3n ponderando fundamentalmente el esfuerzo realizado por los\/as estudiantes que pueden finalmente poner en evidencia las capacidades obtenidas a lo largo de la capacitaci\u00f3n.<\/p><h3 style=\"text-align: justify;\">\u00a0<\/h3><h3 style=\"text-align: justify;\"><a href=\"https:\/\/tinyurl.com\/287dxegx\" target=\"_blank\" rel=\"noopener\"><strong>Descarga de\u00a0Acta Acuerdo de Pr\u00e1cticas Profesionalizantes<\/strong><\/a><\/h3><p style=\"text-align: justify;\"><strong>Si Usted desea contar con personal capacitado para su comercio o empresa p\u00f3ngase en contacto con el CFP a trav\u00e9s de nuestro e-mail, a la brevedad nos pondremos en comunicaci\u00f3n. Muchas gracias.<\/strong><\/p>\t\t\t\t\t\t\t\t<\/div>\n\t\t\t\t<\/div>\n\t\t\t\t\t<\/div>\n\t\t<\/div>\n\t\t\t\t\t<\/div>\n\t\t<\/section>\n\t\t\t\t<\/div>\n\t\t","protected":false},"excerpt":{"rendered":"<p>Pr\u00e1cticas Profesionalizantes En el marco de la Ley Nacional de Educaci\u00f3n T\u00e9cnico Profesional N\u00ba 26.058 el\u00a0 Centro de Formaci\u00f3n Profesional N\u00ba 655\u00a0incluye en la gran mayor\u00eda de sus cursos la realizaci\u00f3n de\u00a0Pr\u00e1cticas Profesionalizantes. Estas pr\u00e1cticas toman dos formatos: El primero, el de pr\u00e1cticas en las aulas-talleres del Centro de Formaci\u00f3n, que posibilitan al estudiante tener &#8230; <a title=\"Pr\u00e1cticas Profesionalizantes\" class=\"read-more\" href=\"https:\/\/cfp655esquel.edu.ar\/cfp655\/practicas-profesionalizantes\/\" aria-label=\"Leer m\u00e1s sobre Pr\u00e1cticas Profesionalizantes\">Leer m\u00e1s&#8230;<\/a><\/p>\n","protected":false},"author":2,"featured_media":0,"parent":0,"menu_order":0,"comment_status":"closed","ping_status":"closed","template":"","meta":{"generate_page_header":"","footnotes":""},"class_list":{"0":"post-164","1":"page","2":"type-page","3":"status-publish","5":"infinite-scroll-item"},"_links":{"self":[{"href":"https:\/\/cfp655esquel.edu.ar\/cfp655\/wp-json\/wp\/v2\/pages\/164","targetHints":{"allow":["GET"]}}],"collection":[{"href":"https:\/\/cfp655esquel.edu.ar\/cfp655\/wp-json\/wp\/v2\/pages"}],"about":[{"href":"https:\/\/cfp655esquel.edu.ar\/cfp655\/wp-json\/wp\/v2\/types\/page"}],"author":[{"embeddable":true,"href":"https:\/\/cfp655esquel.edu.ar\/cfp655\/wp-json\/wp\/v2\/users\/2"}],"replies":[{"embeddable":true,"href":"https:\/\/cfp655esquel.edu.ar\/cfp655\/wp-json\/wp\/v2\/comments?post=164"}],"version-history":[{"count":64,"href":"https:\/\/cfp655esquel.edu.ar\/cfp655\/wp-json\/wp\/v2\/pages\/164\/revisions"}],"predecessor-version":[{"id":9374,"href":"https:\/\/cfp655esquel.edu.ar\/cfp655\/wp-json\/wp\/v2\/pages\/164\/revisions\/9374"}],"wp:attachment":[{"href":"https:\/\/cfp655esquel.edu.ar\/cfp655\/wp-json\/wp\/v2\/media?parent=164"}],"curies":[{"name":"wp","href":"https:\/\/api.w.org\/{rel}","templated":true}]}}