{"id":290,"date":"2016-03-22T12:55:51","date_gmt":"2016-03-22T15:55:51","guid":{"rendered":"https:\/\/cfp655esquel.edu.ar\/cfp655\/?page_id=290"},"modified":"2026-05-05T08:26:35","modified_gmt":"2026-05-05T11:26:35","slug":"inscripciones","status":"publish","type":"page","link":"https:\/\/cfp655esquel.edu.ar\/cfp655\/inscripciones\/","title":{"rendered":"Inscripciones"},"content":{"rendered":"\t\t<div data-elementor-type=\"wp-post\" data-elementor-id=\"290\" class=\"elementor elementor-290\" data-elementor-post-type=\"page\">\n\t\t\t\t\t\t<section class=\"elementor-section elementor-top-section elementor-element elementor-element-104305e elementor-section-content-middle elementor-section-boxed elementor-section-height-default elementor-section-height-default\" data-id=\"104305e\" data-element_type=\"section\" data-e-type=\"section\">\n\t\t\t\t\t\t<div class=\"elementor-container elementor-column-gap-default\">\n\t\t\t\t\t<div class=\"elementor-column elementor-col-100 elementor-top-column elementor-element elementor-element-93310ea\" data-id=\"93310ea\" data-element_type=\"column\" data-e-type=\"column\">\n\t\t\t<div class=\"elementor-widget-wrap elementor-element-populated\">\n\t\t\t\t\t\t<div class=\"elementor-element elementor-element-9fcfca6 elementor-widget elementor-widget-heading\" data-id=\"9fcfca6\" data-element_type=\"widget\" data-e-type=\"widget\" data-widget_type=\"heading.default\">\n\t\t\t\t<div class=\"elementor-widget-container\">\n\t\t\t\t\t<h3 class=\"elementor-heading-title elementor-size-medium\">Inscripciones 2026<\/h3>\t\t\t\t<\/div>\n\t\t\t\t<\/div>\n\t\t\t\t\t<\/div>\n\t\t<\/div>\n\t\t\t\t\t<\/div>\n\t\t<\/section>\n\t\t\t\t<section class=\"elementor-section elementor-top-section elementor-element elementor-element-3a3d351 elementor-section-content-middle elementor-section-boxed elementor-section-height-default elementor-section-height-default\" data-id=\"3a3d351\" data-element_type=\"section\" data-e-type=\"section\">\n\t\t\t\t\t\t<div class=\"elementor-container elementor-column-gap-default\">\n\t\t\t\t\t<div class=\"elementor-column elementor-col-100 elementor-top-column elementor-element elementor-element-cb9a1b4\" data-id=\"cb9a1b4\" data-element_type=\"column\" data-e-type=\"column\">\n\t\t\t<div class=\"elementor-widget-wrap elementor-element-populated\">\n\t\t\t\t\t\t<div class=\"elementor-element elementor-element-c8d948f elementor-widget elementor-widget-text-editor\" data-id=\"c8d948f\" data-element_type=\"widget\" data-e-type=\"widget\" data-widget_type=\"text-editor.default\">\n\t\t\t\t<div class=\"elementor-widget-container\">\n\t\t\t\t\t\t\t\t\t<p style=\"text-align: justify;\"><span style=\"color: #000000;\">El Centro de Formaci\u00f3n Profesional N\u00b0 655 informa que a partir de mediados del mes de febrero 2026 comenzar\u00e1n las Inscripciones a los cursos anuales y del primer cuatrimestre 2026. La informaci\u00f3n de los mismos se encuentra publicada en la secci\u00f3n <a style=\"color: #000000;\" href=\"https:\/\/cfp655esquel.edu.ar\/cfp655\/cursos\/\" target=\"_blank\" rel=\"noopener\"><strong>\u201cCursos 2026\u201d<\/strong><\/a> incluyendo horarios y requisitos.\u00a0<\/span><\/p><p style=\"text-align: justify;\"><span style=\"color: #000000;\">Las inscripciones se realizar\u00e1n\u00a0 \u00abOn line\u00bb a trav\u00e9s del link que figura en el final de p\u00e1gina. Los\/as interesados\/as deber\u00e1n completar el<span style=\"font-family: var( --e-global-typography-text-font-family ), Sans-serif; font-weight: var( --e-global-typography-text-font-weight ); letter-spacing: 0.7px;\">\u00a0formulario de inscripci\u00f3n on line, para lo que se recomienda considerar:<\/span><\/span><\/p><p style=\"text-align: justify;\"><span style=\"color: #000000;\"><span style=\"font-family: var( --e-global-typography-text-font-family ), Sans-serif; font-weight: var( --e-global-typography-text-font-weight ); letter-spacing: 0.7px;\">1-\u00a0<\/span><span style=\"font-family: var( --e-global-typography-text-font-family ), Sans-serif; font-weight: var( --e-global-typography-text-font-weight ); letter-spacing: 0.7px;\">La inscripci\u00f3n estar\u00e1 supeditada a la existencia de cupos al momento de ser recibida y cada interesado\/a no podr\u00e1 inscribirse en m\u00e1s de dos cursos. En el caso de registrarse inscripciones de la misma persona a m\u00e1s de dos cursos, s\u00f3lo podr\u00e1n considerarse las dos primeras ingresadas, quedando en el resto de las inscripciones directamente en lista de espera.<br \/>En el caso de existir cupo,\u00a0 el interesado\/a recibir\u00e1 un e-mail en un plazo de 5 d\u00edas indicando que ha quedado confirmada su inscripci\u00f3n.<\/span><\/span><\/p><p style=\"text-align: justify;\"><span style=\"color: #000000;\">2- De acuerdo al punto anterior, se recomienda a cada interesado\/a inscribirse en el curso que mayor inter\u00e9s y disponibilidad tengan para cursar, ya que s\u00f3lo los dos primeros formularios ingresados se considerar\u00e1n para integrar el cupo. El resto de las inscripciones que el\/la postulante realice ingresar\u00e1n a la lista de espera de los respectivos cursos.<\/span><\/p><p style=\"text-align: justify;\"><span style=\"color: #000000; font-family: var( --e-global-typography-text-font-family ), Sans-serif; font-weight: var( --e-global-typography-text-font-weight ); letter-spacing: 0.7px;\">3- Es importante chequear los requisitos de ingreso del curso en el que desea inscribirse en la p\u00e1gina <strong><a style=\"color: #000000;\" href=\"https:\/\/cfp655esquel.edu.ar\/cfp655\/cursos\/\" target=\"_blank\" rel=\"noopener\">\u201cCursos 2026\u201d<\/a><\/strong> de nuestro sitio web.<\/span><\/p><p style=\"text-align: justify;\"><span lang=\"ES-AR\" style=\"color: #000000;\">4- Se recomienda tomar nota del ID de curso y nombre del mismo.<\/span><\/p><p style=\"text-align: justify;\"><span style=\"color: #000000;\"><span lang=\"ES-AR\">5- Deber\u00e1n c<\/span><span style=\"font-family: var( --e-global-typography-text-font-family ), Sans-serif; font-weight: var( --e-global-typography-text-font-weight ); letter-spacing: 0.7px;\">ontar con foto del frente y foto del dorso de su DNI para poder adjuntar al formulario de manera obligatoria.<\/span><\/span><\/p><p style=\"text-align: justify;\"><span style=\"color: #000000;\">6- Es obligatoria la lectura del reglamento del Centro de Formaci\u00f3n Profesional N\u00b0 655 que podes encontrar en la secci\u00f3n <a href=\"https:\/\/cfp655esquel.edu.ar\/cfp655\/wp-content\/uploads\/2025\/12\/Reglamento-Interno-2026.pdf\" target=\"_blank\" rel=\"noopener\"><strong>\u00abReglamento\u00bb<\/strong><\/a> de este sitio web.<\/span><\/p>\t\t\t\t\t\t\t\t<\/div>\n\t\t\t\t<\/div>\n\t\t\t\t\t<\/div>\n\t\t<\/div>\n\t\t\t\t\t<\/div>\n\t\t<\/section>\n\t\t\t\t<section class=\"elementor-section elementor-top-section elementor-element elementor-element-2c9cb88 elementor-section-boxed elementor-section-height-default elementor-section-height-default\" data-id=\"2c9cb88\" data-element_type=\"section\" data-e-type=\"section\">\n\t\t\t\t\t\t<div class=\"elementor-container elementor-column-gap-default\">\n\t\t\t\t\t<div class=\"elementor-column elementor-col-100 elementor-top-column elementor-element elementor-element-d2a1808\" data-id=\"d2a1808\" data-element_type=\"column\" data-e-type=\"column\">\n\t\t\t<div class=\"elementor-widget-wrap elementor-element-populated\">\n\t\t\t\t\t\t<div class=\"elementor-element elementor-element-ca1c5d0 elementor-widget elementor-widget-heading\" data-id=\"ca1c5d0\" data-element_type=\"widget\" data-e-type=\"widget\" data-widget_type=\"heading.default\">\n\t\t\t\t<div class=\"elementor-widget-container\">\n\t\t\t\t\t<h3 class=\"elementor-heading-title elementor-size-default\">IMPORTANTE<\/h3>\t\t\t\t<\/div>\n\t\t\t\t<\/div>\n\t\t\t\t<div class=\"elementor-element elementor-element-6e56456 elementor-widget elementor-widget-text-editor\" data-id=\"6e56456\" data-element_type=\"widget\" data-e-type=\"widget\" data-widget_type=\"text-editor.default\">\n\t\t\t\t<div class=\"elementor-widget-container\">\n\t\t\t\t\t\t\t\t\t<h3 style=\"text-align: center;\"><span style=\"color: #0000ff;\"><strong>Antes de inscribirte no olvides chequear los d\u00edas y horarios del Curso, pod\u00e9s hacerlo <a href=\"https:\/\/cfp655esquel.edu.ar\/cfp655\/cursos\/\" target=\"_blank\" rel=\"noopener\"><span style=\"text-decoration: underline;\">aqu\u00ed<\/span><\/a><\/strong><\/span><\/h3><h3 style=\"text-align: center;\"><span style=\"color: #339966;\"><b>INSCRIPCIONES CERRADAS HASTA EL SEGUNDO CUATRIMESTRE<\/b><\/span><\/h3><h3 style=\"text-align: center;\"><span style=\"color: #000000;\">Acced\u00e9 a nuestra <\/span><span style=\"color: #000000;\">Oferta y cheque\u00e1 que cursos est\u00e1n disponibles, ingresando en <strong><span style=\"color: #ff0000;\"><a style=\"color: #ff0000;\" href=\"https:\/\/cfp655esquel.edu.ar\/cfp655\/cursos\/\" target=\"_blank\" rel=\"noopener\">Cursos 2026<\/a><\/span><\/strong><\/span><\/h3>\t\t\t\t\t\t\t\t<\/div>\n\t\t\t\t<\/div>\n\t\t\t\t<div class=\"elementor-element elementor-element-f6a4ae1 elementor-align-center elementor-button-warning elementor-invisible elementor-widget elementor-widget-button\" data-id=\"f6a4ae1\" data-element_type=\"widget\" data-e-type=\"widget\" data-settings=\"{&quot;_animation&quot;:&quot;rollIn&quot;}\" data-widget_type=\"button.default\">\n\t\t\t\t<div class=\"elementor-widget-container\">\n\t\t\t\t\t\t\t\t\t<div class=\"elementor-button-wrapper\">\n\t\t\t\t\t<a class=\"elementor-button elementor-size-sm\" role=\"button\">\n\t\t\t\t\t\t<span class=\"elementor-button-content-wrapper\">\n\t\t\t\t\t\t\t\t\t<span class=\"elementor-button-text\">INSCRIPCIONES CERRADAS<\/span>\n\t\t\t\t\t<\/span>\n\t\t\t\t\t<\/a>\n\t\t\t\t<\/div>\n\t\t\t\t\t\t\t\t<\/div>\n\t\t\t\t<\/div>\n\t\t\t\t\t<\/div>\n\t\t<\/div>\n\t\t\t\t\t<\/div>\n\t\t<\/section>\n\t\t\t\t<\/div>\n\t\t","protected":false},"excerpt":{"rendered":"<p>Inscripciones 2026 El Centro de Formaci\u00f3n Profesional N\u00b0 655 informa que a partir de mediados del mes de febrero 2026 comenzar\u00e1n las Inscripciones a los cursos anuales y del primer cuatrimestre 2026. La informaci\u00f3n de los mismos se encuentra publicada en la secci\u00f3n \u201cCursos 2026\u201d incluyendo horarios y requisitos.\u00a0 Las inscripciones se realizar\u00e1n\u00a0 \u00abOn line\u00bb &#8230; <a title=\"Inscripciones\" class=\"read-more\" href=\"https:\/\/cfp655esquel.edu.ar\/cfp655\/inscripciones\/\" aria-label=\"Leer m\u00e1s sobre Inscripciones\">Leer m\u00e1s&#8230;<\/a><\/p>\n","protected":false},"author":2,"featured_media":0,"parent":0,"menu_order":0,"comment_status":"closed","ping_status":"closed","template":"","meta":{"generate_page_header":"","footnotes":""},"class_list":{"0":"post-290","1":"page","2":"type-page","3":"status-publish","5":"infinite-scroll-item"},"_links":{"self":[{"href":"https:\/\/cfp655esquel.edu.ar\/cfp655\/wp-json\/wp\/v2\/pages\/290","targetHints":{"allow":["GET"]}}],"collection":[{"href":"https:\/\/cfp655esquel.edu.ar\/cfp655\/wp-json\/wp\/v2\/pages"}],"about":[{"href":"https:\/\/cfp655esquel.edu.ar\/cfp655\/wp-json\/wp\/v2\/types\/page"}],"author":[{"embeddable":true,"href":"https:\/\/cfp655esquel.edu.ar\/cfp655\/wp-json\/wp\/v2\/users\/2"}],"replies":[{"embeddable":true,"href":"https:\/\/cfp655esquel.edu.ar\/cfp655\/wp-json\/wp\/v2\/comments?post=290"}],"version-history":[{"count":480,"href":"https:\/\/cfp655esquel.edu.ar\/cfp655\/wp-json\/wp\/v2\/pages\/290\/revisions"}],"predecessor-version":[{"id":13476,"href":"https:\/\/cfp655esquel.edu.ar\/cfp655\/wp-json\/wp\/v2\/pages\/290\/revisions\/13476"}],"wp:attachment":[{"href":"https:\/\/cfp655esquel.edu.ar\/cfp655\/wp-json\/wp\/v2\/media?parent=290"}],"curies":[{"name":"wp","href":"https:\/\/api.w.org\/{rel}","templated":true}]}}