{"id":551,"date":"2016-04-19T15:48:32","date_gmt":"2016-04-19T18:48:32","guid":{"rendered":"https:\/\/cfp655esquel.edu.ar\/cfp655\/?page_id=551"},"modified":"2023-09-05T14:20:21","modified_gmt":"2023-09-05T17:20:21","slug":"cursos-institucionales","status":"publish","type":"page","link":"https:\/\/cfp655esquel.edu.ar\/cfp655\/cursos-institucionales\/","title":{"rendered":"Cursos Institucionales"},"content":{"rendered":"\t\t<div data-elementor-type=\"wp-page\" data-elementor-id=\"551\" class=\"elementor elementor-551\" data-elementor-post-type=\"page\">\n\t\t\t\t\t\t<section class=\"elementor-section elementor-top-section elementor-element elementor-element-bc8cde9 elementor-section-boxed elementor-section-height-default elementor-section-height-default\" data-id=\"bc8cde9\" data-element_type=\"section\" data-e-type=\"section\">\n\t\t\t\t\t\t<div class=\"elementor-container elementor-column-gap-default\">\n\t\t\t\t\t<div class=\"elementor-column elementor-col-100 elementor-top-column elementor-element elementor-element-53942af\" data-id=\"53942af\" data-element_type=\"column\" data-e-type=\"column\">\n\t\t\t<div class=\"elementor-widget-wrap elementor-element-populated\">\n\t\t\t\t\t\t<div class=\"elementor-element elementor-element-42a53d3 elementor-widget elementor-widget-heading\" data-id=\"42a53d3\" data-element_type=\"widget\" data-e-type=\"widget\" data-widget_type=\"heading.default\">\n\t\t\t\t<div class=\"elementor-widget-container\">\n\t\t\t\t\t<h3 class=\"elementor-heading-title elementor-size-default\">C<b>ursos Institucionales<\/b><\/h3>\t\t\t\t<\/div>\n\t\t\t\t<\/div>\n\t\t\t\t\t<\/div>\n\t\t<\/div>\n\t\t\t\t\t<\/div>\n\t\t<\/section>\n\t\t\t\t<section class=\"elementor-section elementor-top-section elementor-element elementor-element-9ce676b elementor-section-boxed elementor-section-height-default elementor-section-height-default\" data-id=\"9ce676b\" data-element_type=\"section\" data-e-type=\"section\">\n\t\t\t\t\t\t<div class=\"elementor-container elementor-column-gap-default\">\n\t\t\t\t\t<div class=\"elementor-column elementor-col-100 elementor-top-column elementor-element elementor-element-25b00e7e\" data-id=\"25b00e7e\" data-element_type=\"column\" data-e-type=\"column\">\n\t\t\t<div class=\"elementor-widget-wrap elementor-element-populated\">\n\t\t\t\t\t\t<div class=\"elementor-element elementor-element-149ee41 elementor-widget elementor-widget-text-editor\" data-id=\"149ee41\" data-element_type=\"widget\" data-e-type=\"widget\" data-widget_type=\"text-editor.default\">\n\t\t\t\t<div class=\"elementor-widget-container\">\n\t\t\t\t\t\t\t\t\t<p class=\"textohome\" style=\"text-align: justify;\"><span style=\"color: #000000;\">El Centro de Formaci\u00f3n Profesional N\u00ba 655 presenta en su oferta de cursos institucionales una amplia lista que se pueden visualizar en la secci\u00f3n <a style=\"color: #000000;\" href=\"https:\/\/cfp655esquel.edu.ar\/cfp655\/cursos\/\" target=\"_blank\" rel=\"noopener\"><strong>\u00abCursos 2023\u00bb<\/strong><\/a>.<\/span><\/p><p class=\"textohome\" style=\"text-align: justify;\"><span style=\"color: #000000;\">Estos cursos son de inscripci\u00f3n abierta a j\u00f3venes y adultos y totalmente gratuitos, con la consideraci\u00f3n de que el\/la estudiante en algunas de las capacitaciones deber\u00e1 proveerse de la materia prima para realizar las pr\u00e1cticas, en cuyo caso el producto obtenido de la pr\u00e1ctica realizada es propiedad del estudiante. Pueden citarse como ejemplo de esto los cursos del \u00e1rea de Gastronom\u00eda, Carpinter\u00eda, Electricidad, etc.<\/span><\/p><p class=\"textohome\" style=\"text-align: justify;\"><span style=\"color: #000000;\">Tambi\u00e9n se realizar\u00e1n pr\u00e1cticas para terceros, para las cuales el tercero que solicita el trabajo proveer\u00e1 a los\/as estudiantes de todos los insumos necesarios para la realizaci\u00f3n de la misma.<\/span><\/p><p style=\"text-align: justify;\"><span class=\"textohome\" style=\"color: #000000;\"> En muchas de estas capacitaciones, una vez avanzadas las mismas, se realizar\u00e1n Pr\u00e1cticas Profesionalizantes, que permitir\u00e1n al estudiante entrar en contacto con el medio real de trabajo y hacerse conocer ante los prestadores de servicios, comercios y empresas locales. Creando un v\u00ednculo inicial entre el futuro trabajador y el potencial empleador.<\/span><\/p>\t\t\t\t\t\t\t\t<\/div>\n\t\t\t\t<\/div>\n\t\t\t\t\t<\/div>\n\t\t<\/div>\n\t\t\t\t\t<\/div>\n\t\t<\/section>\n\t\t\t\t<\/div>\n\t\t","protected":false},"excerpt":{"rendered":"<p>Cursos Institucionales El Centro de Formaci\u00f3n Profesional N\u00ba 655 presenta en su oferta de cursos institucionales una amplia lista que se pueden visualizar en la secci\u00f3n \u00abCursos 2023\u00bb. Estos cursos son de inscripci\u00f3n abierta a j\u00f3venes y adultos y totalmente gratuitos, con la consideraci\u00f3n de que el\/la estudiante en algunas de las capacitaciones deber\u00e1 proveerse &#8230; <a title=\"Cursos Institucionales\" class=\"read-more\" href=\"https:\/\/cfp655esquel.edu.ar\/cfp655\/cursos-institucionales\/\" aria-label=\"Leer m\u00e1s sobre Cursos Institucionales\">Leer m\u00e1s&#8230;<\/a><\/p>\n","protected":false},"author":2,"featured_media":0,"parent":0,"menu_order":0,"comment_status":"closed","ping_status":"closed","template":"","meta":{"generate_page_header":"","footnotes":""},"class_list":{"0":"post-551","1":"page","2":"type-page","3":"status-publish","5":"infinite-scroll-item"},"_links":{"self":[{"href":"https:\/\/cfp655esquel.edu.ar\/cfp655\/wp-json\/wp\/v2\/pages\/551","targetHints":{"allow":["GET"]}}],"collection":[{"href":"https:\/\/cfp655esquel.edu.ar\/cfp655\/wp-json\/wp\/v2\/pages"}],"about":[{"href":"https:\/\/cfp655esquel.edu.ar\/cfp655\/wp-json\/wp\/v2\/types\/page"}],"author":[{"embeddable":true,"href":"https:\/\/cfp655esquel.edu.ar\/cfp655\/wp-json\/wp\/v2\/users\/2"}],"replies":[{"embeddable":true,"href":"https:\/\/cfp655esquel.edu.ar\/cfp655\/wp-json\/wp\/v2\/comments?post=551"}],"version-history":[{"count":19,"href":"https:\/\/cfp655esquel.edu.ar\/cfp655\/wp-json\/wp\/v2\/pages\/551\/revisions"}],"predecessor-version":[{"id":9471,"href":"https:\/\/cfp655esquel.edu.ar\/cfp655\/wp-json\/wp\/v2\/pages\/551\/revisions\/9471"}],"wp:attachment":[{"href":"https:\/\/cfp655esquel.edu.ar\/cfp655\/wp-json\/wp\/v2\/media?parent=551"}],"curies":[{"name":"wp","href":"https:\/\/api.w.org\/{rel}","templated":true}]}}