{"id":553,"date":"2016-04-23T14:28:06","date_gmt":"2016-04-23T17:28:06","guid":{"rendered":"https:\/\/cfp655esquel.edu.ar\/cfp655\/?page_id=553"},"modified":"2023-09-05T16:07:58","modified_gmt":"2023-09-05T19:07:58","slug":"cursos-mteyss","status":"publish","type":"page","link":"https:\/\/cfp655esquel.edu.ar\/cfp655\/cursos-mteyss\/","title":{"rendered":"Cursos MTEySS"},"content":{"rendered":"\t\t<div data-elementor-type=\"wp-post\" data-elementor-id=\"553\" class=\"elementor elementor-553\" data-elementor-post-type=\"page\">\n\t\t\t\t\t\t<section class=\"elementor-section elementor-top-section elementor-element elementor-element-5a65724c elementor-section-boxed elementor-section-height-default elementor-section-height-default\" data-id=\"5a65724c\" data-element_type=\"section\" data-e-type=\"section\">\n\t\t\t\t\t\t<div class=\"elementor-container elementor-column-gap-default\">\n\t\t\t\t\t<div class=\"elementor-column elementor-col-100 elementor-top-column elementor-element elementor-element-1497e0bf\" data-id=\"1497e0bf\" data-element_type=\"column\" data-e-type=\"column\">\n\t\t\t<div class=\"elementor-widget-wrap elementor-element-populated\">\n\t\t\t\t\t\t<div class=\"elementor-element elementor-element-cfa00a0 elementor-widget elementor-widget-heading\" data-id=\"cfa00a0\" data-element_type=\"widget\" data-e-type=\"widget\" data-widget_type=\"heading.default\">\n\t\t\t\t<div class=\"elementor-widget-container\">\n\t\t\t\t\t<h3 class=\"elementor-heading-title elementor-size-default\">Curso<b>s del Ministerio de Trabajo,<\/b> <b>Empleo y Seguridad Social<\/b><\/h3>\t\t\t\t<\/div>\n\t\t\t\t<\/div>\n\t\t\t\t<div class=\"elementor-element elementor-element-197f6272 elementor-widget elementor-widget-text-editor\" data-id=\"197f6272\" data-element_type=\"widget\" data-e-type=\"widget\" data-widget_type=\"text-editor.default\">\n\t\t\t\t<div class=\"elementor-widget-container\">\n\t\t\t\t\t\t\t\t\t<p style=\"text-align: justify;\"><span style=\"color: #000000;\">El <strong>Centro de Formaci\u00f3n Profesional N\u00ba 655<\/strong> dicta anualmente una serie de cursos en convenio con el Ministerio de Trabajo, Empleo y Seguridad Social y en articulaci\u00f3n con la Oficina de Empleo Municipal. <strong>Estas<\/strong> <strong>capacitaciones se proyectan a inicios de cada ciclo y se dictan generalmente durante el segundo cuatrimestre del a\u00f1o.<\/strong> Corresponden normalmente a planes como <strong>\u201cM\u00e1s y Mejor Trabajo\u201d<\/strong> o el programa <strong>\u201cJ\u00f3venes\u201d<\/strong>, por lo que la matr\u00edcula que forma parte de estos cursos es convocada y seleccionada por la Oficina de Empleo Municipal, que mediante sondeos y encuestas clasifica los perfiles de los interesados para incluirlos en la capacitaci\u00f3n que resulte la mejor opci\u00f3n de cada uno.<\/span><\/p><p style=\"text-align: justify;\"><span style=\"color: #000000;\">El financiamiento de estas capacitaciones es compartido, el Ministerio de Educaci\u00f3n de la Provincia aporta las horas c\u00e1tedra o cargos para los Instructores, mientras que el MTEySS realiza el aporte financiero destinado a la compra de Insumos y Equipamiento de Protecci\u00f3n Personal. Gracias a esto los alumnos que concurren a estas capacitaciones disponen de todo lo necesario para completar las pr\u00e1cticas previstas en cada curso.<\/span><\/p><p style=\"text-align: justify;\"><span style=\"color: #000000;\">En muchas de estas capacitaciones, una vez avanzadas las mismas, se realizar\u00e1n Pr\u00e1cticas Profesionalizantes, que permitir\u00e1n al\/la estudiante entrar en contacto con el medio real de trabajo y hacerse conocer ante los prestadores de servicios, comercios y empresas locales. Creando un v\u00ednculo inicial entre el futuro trabajador y el potencial empleador.<\/span><\/p>\t\t\t\t\t\t\t\t<\/div>\n\t\t\t\t<\/div>\n\t\t\t\t\t<\/div>\n\t\t<\/div>\n\t\t\t\t\t<\/div>\n\t\t<\/section>\n\t\t\t\t<\/div>\n\t\t","protected":false},"excerpt":{"rendered":"<p>Cursos del Ministerio de Trabajo, Empleo y Seguridad Social El Centro de Formaci\u00f3n Profesional N\u00ba 655 dicta anualmente una serie de cursos en convenio con el Ministerio de Trabajo, Empleo y Seguridad Social y en articulaci\u00f3n con la Oficina de Empleo Municipal. Estas capacitaciones se proyectan a inicios de cada ciclo y se dictan generalmente &#8230; <a title=\"Cursos MTEySS\" class=\"read-more\" href=\"https:\/\/cfp655esquel.edu.ar\/cfp655\/cursos-mteyss\/\" aria-label=\"Leer m\u00e1s sobre Cursos MTEySS\">Leer m\u00e1s&#8230;<\/a><\/p>\n","protected":false},"author":2,"featured_media":0,"parent":0,"menu_order":0,"comment_status":"closed","ping_status":"closed","template":"","meta":{"generate_page_header":"","footnotes":""},"class_list":{"0":"post-553","1":"page","2":"type-page","3":"status-publish","5":"infinite-scroll-item"},"_links":{"self":[{"href":"https:\/\/cfp655esquel.edu.ar\/cfp655\/wp-json\/wp\/v2\/pages\/553","targetHints":{"allow":["GET"]}}],"collection":[{"href":"https:\/\/cfp655esquel.edu.ar\/cfp655\/wp-json\/wp\/v2\/pages"}],"about":[{"href":"https:\/\/cfp655esquel.edu.ar\/cfp655\/wp-json\/wp\/v2\/types\/page"}],"author":[{"embeddable":true,"href":"https:\/\/cfp655esquel.edu.ar\/cfp655\/wp-json\/wp\/v2\/users\/2"}],"replies":[{"embeddable":true,"href":"https:\/\/cfp655esquel.edu.ar\/cfp655\/wp-json\/wp\/v2\/comments?post=553"}],"version-history":[{"count":12,"href":"https:\/\/cfp655esquel.edu.ar\/cfp655\/wp-json\/wp\/v2\/pages\/553\/revisions"}],"predecessor-version":[{"id":9530,"href":"https:\/\/cfp655esquel.edu.ar\/cfp655\/wp-json\/wp\/v2\/pages\/553\/revisions\/9530"}],"wp:attachment":[{"href":"https:\/\/cfp655esquel.edu.ar\/cfp655\/wp-json\/wp\/v2\/media?parent=553"}],"curies":[{"name":"wp","href":"https:\/\/api.w.org\/{rel}","templated":true}]}}