{"id":567,"date":"2016-04-23T14:56:12","date_gmt":"2016-04-23T17:56:12","guid":{"rendered":"https:\/\/cfp655esquel.edu.ar\/cfp655\/?page_id=567"},"modified":"2023-09-05T14:39:49","modified_gmt":"2023-09-05T17:39:49","slug":"secretaria-de-trabajo","status":"publish","type":"page","link":"https:\/\/cfp655esquel.edu.ar\/cfp655\/secretaria-de-trabajo\/","title":{"rendered":"Secretar\u00eda de Trabajo"},"content":{"rendered":"\t\t<div data-elementor-type=\"wp-post\" data-elementor-id=\"567\" class=\"elementor elementor-567\" data-elementor-post-type=\"page\">\n\t\t\t\t\t\t<section class=\"elementor-section elementor-top-section elementor-element elementor-element-50b126c elementor-section-boxed elementor-section-height-default elementor-section-height-default\" data-id=\"50b126c\" data-element_type=\"section\" data-e-type=\"section\">\n\t\t\t\t\t\t<div class=\"elementor-container elementor-column-gap-default\">\n\t\t\t\t\t<div class=\"elementor-column elementor-col-100 elementor-top-column elementor-element elementor-element-aa067c2\" data-id=\"aa067c2\" data-element_type=\"column\" data-e-type=\"column\">\n\t\t\t<div class=\"elementor-widget-wrap elementor-element-populated\">\n\t\t\t\t\t\t<div class=\"elementor-element elementor-element-c808c49 elementor-widget elementor-widget-heading\" data-id=\"c808c49\" data-element_type=\"widget\" data-e-type=\"widget\" data-widget_type=\"heading.default\">\n\t\t\t\t<div class=\"elementor-widget-container\">\n\t\t\t\t\t<h3 class=\"elementor-heading-title elementor-size-default\">Cursos de la Secretar\u00eda de Trabajo<\/h3>\t\t\t\t<\/div>\n\t\t\t\t<\/div>\n\t\t\t\t\t<\/div>\n\t\t<\/div>\n\t\t\t\t\t<\/div>\n\t\t<\/section>\n\t\t\t\t<section class=\"elementor-section elementor-top-section elementor-element elementor-element-e85c9b3 elementor-section-boxed elementor-section-height-default elementor-section-height-default\" data-id=\"e85c9b3\" data-element_type=\"section\" data-e-type=\"section\">\n\t\t\t\t\t\t<div class=\"elementor-container elementor-column-gap-default\">\n\t\t\t\t\t<div class=\"elementor-column elementor-col-100 elementor-top-column elementor-element elementor-element-1147e0dc\" data-id=\"1147e0dc\" data-element_type=\"column\" data-e-type=\"column\">\n\t\t\t<div class=\"elementor-widget-wrap elementor-element-populated\">\n\t\t\t\t\t\t<div class=\"elementor-element elementor-element-50771893 elementor-widget elementor-widget-text-editor\" data-id=\"50771893\" data-element_type=\"widget\" data-e-type=\"widget\" data-widget_type=\"text-editor.default\">\n\t\t\t\t<div class=\"elementor-widget-container\">\n\t\t\t\t\t\t\t\t\t<h3><span style=\"color: #000000;\"><span style=\"text-align: justify; font-family: var( --e-global-typography-text-font-family ), Sans-serif; font-weight: var( --e-global-typography-text-font-weight ); font-size: 14px;\">Todos los a\u00f1os, el CFP N\u00ba 655 implementa el uso del programa de\u00a0<\/span><strong style=\"text-align: justify; font-family: var( --e-global-typography-text-font-family ), Sans-serif; font-size: 14px;\">Recuperaci\u00f3n de Escuelas F\u00e1bricas<\/strong><span style=\"text-align: justify; font-family: var( --e-global-typography-text-font-family ), Sans-serif; font-weight: var( --e-global-typography-text-font-weight ); font-size: 14px;\">, programa impulsado por el Gobierno de la Provincia del Chubut mediante el\u00a0 Ministerio de Educaci\u00f3n, la Secretar\u00eda de Trabajo, en convenio con Municipios, Comunas, Sindicatos, C\u00e1maras, ONG y la participaci\u00f3n del sector Privado.<\/span><\/span><\/h3><p class=\"textohome\" style=\"text-align: justify;\"><span class=\"textohomeSECRE\" style=\"color: #000000;\">La finalidad de este programa es la de capacitar en Formaci\u00f3n Profesional a chubutenses desocupados j\u00f3venes y adultos para su inserci\u00f3n al trabajo formal, adem\u00e1s de recalificar a trabajadores que necesiten de actualizaciones y certificaciones en sus puestos laborales.<\/span><\/p><p class=\"textohome\" style=\"text-align: justify;\"><span class=\"textohomeSECRE\" style=\"color: #000000;\">De esta manera se promueve el desarrollo y la implementaci\u00f3n de perfiles de Formaci\u00f3n Profesional vinculados al modelo de desarrollo de local, relacionados con la capacitaci\u00f3n y recalificaci\u00f3n de recursos humanos, desocupados y ocupados.<\/span><\/p><p class=\"textohome\" style=\"text-align: justify;\"><span class=\"textohomeSECRE\" style=\"color: #000000;\">A trav\u00e9s del Centro de Formaci\u00f3n Profesional N\u00ba 655 en la localidad de Esquel y con los dem\u00e1s Centros Integrantes de la Red de Centros de Formaci\u00f3n Profesional en el resto de la provincia, el Ministerio de Educaci\u00f3n capacita y entrega certificaciones Federales o\u00a0 Provinciales. Articulando con los Municipios y Comunas, que realizan la selecci\u00f3n de los Beneficiarios que participar\u00e1n en la capacitaci\u00f3n y con la Secretar\u00eda de Trabajo que aporta fondos para la adquisici\u00f3n de equipamiento, insumos, elementos de protecci\u00f3n personal y en algunos casos hasta una mochila de trabajo. \u00a0<\/span><\/p><p class=\"textohome\" style=\"text-align: justify;\"><span class=\"textohomeSECRE\" style=\"color: #000000;\">Normalmente en la primera mitad del a\u00f1o se planea la oferta y se realiza la firma de los convenios que permiten la utilizaci\u00f3n de fondos para el dictado de las capacitaciones y durante el segundo cuatrimestre se llevan adelante los cursos.<\/span><\/p><p class=\"textohome\" style=\"text-align: justify;\"><span class=\"textohomeSECRE\" style=\"color: #000000;\">En muchas de estas capacitaciones, una vez avanzadas las mismas, se realizar\u00e1n Pr\u00e1cticas Profesionalizantes, que permitir\u00e1n al Estudiante entrar en contacto con el medio real de trabajo y hacerse conocer ante los prestadores de servicios, comercios y empresas locales. Creando un v\u00ednculo inicial entre el futuro trabajador y el potencial empleador.<\/span><\/p>\t\t\t\t\t\t\t\t<\/div>\n\t\t\t\t<\/div>\n\t\t\t\t\t<\/div>\n\t\t<\/div>\n\t\t\t\t\t<\/div>\n\t\t<\/section>\n\t\t\t\t<\/div>\n\t\t","protected":false},"excerpt":{"rendered":"<p>Cursos de la Secretar\u00eda de Trabajo Todos los a\u00f1os, el CFP N\u00ba 655 implementa el uso del programa de\u00a0Recuperaci\u00f3n de Escuelas F\u00e1bricas, programa impulsado por el Gobierno de la Provincia del Chubut mediante el\u00a0 Ministerio de Educaci\u00f3n, la Secretar\u00eda de Trabajo, en convenio con Municipios, Comunas, Sindicatos, C\u00e1maras, ONG y la participaci\u00f3n del sector Privado. &#8230; <a title=\"Secretar\u00eda de Trabajo\" class=\"read-more\" href=\"https:\/\/cfp655esquel.edu.ar\/cfp655\/secretaria-de-trabajo\/\" aria-label=\"Leer m\u00e1s sobre Secretar\u00eda de Trabajo\">Leer m\u00e1s&#8230;<\/a><\/p>\n","protected":false},"author":2,"featured_media":0,"parent":0,"menu_order":0,"comment_status":"closed","ping_status":"closed","template":"","meta":{"generate_page_header":"","footnotes":""},"class_list":{"0":"post-567","1":"page","2":"type-page","3":"status-publish","5":"infinite-scroll-item"},"_links":{"self":[{"href":"https:\/\/cfp655esquel.edu.ar\/cfp655\/wp-json\/wp\/v2\/pages\/567","targetHints":{"allow":["GET"]}}],"collection":[{"href":"https:\/\/cfp655esquel.edu.ar\/cfp655\/wp-json\/wp\/v2\/pages"}],"about":[{"href":"https:\/\/cfp655esquel.edu.ar\/cfp655\/wp-json\/wp\/v2\/types\/page"}],"author":[{"embeddable":true,"href":"https:\/\/cfp655esquel.edu.ar\/cfp655\/wp-json\/wp\/v2\/users\/2"}],"replies":[{"embeddable":true,"href":"https:\/\/cfp655esquel.edu.ar\/cfp655\/wp-json\/wp\/v2\/comments?post=567"}],"version-history":[{"count":14,"href":"https:\/\/cfp655esquel.edu.ar\/cfp655\/wp-json\/wp\/v2\/pages\/567\/revisions"}],"predecessor-version":[{"id":9493,"href":"https:\/\/cfp655esquel.edu.ar\/cfp655\/wp-json\/wp\/v2\/pages\/567\/revisions\/9493"}],"wp:attachment":[{"href":"https:\/\/cfp655esquel.edu.ar\/cfp655\/wp-json\/wp\/v2\/media?parent=567"}],"curies":[{"name":"wp","href":"https:\/\/api.w.org\/{rel}","templated":true}]}}