{"id":574,"date":"2016-04-23T15:16:46","date_gmt":"2016-04-23T18:16:46","guid":{"rendered":"https:\/\/cfp655esquel.edu.ar\/cfp655\/?page_id=574"},"modified":"2023-09-04T16:54:52","modified_gmt":"2023-09-04T19:54:52","slug":"educacion-en-contextos-de-encierro","status":"publish","type":"page","link":"https:\/\/cfp655esquel.edu.ar\/cfp655\/educacion-en-contextos-de-encierro\/","title":{"rendered":"Modalidades de Dictado"},"content":{"rendered":"\t\t<div data-elementor-type=\"wp-post\" data-elementor-id=\"574\" class=\"elementor elementor-574\" data-elementor-post-type=\"page\">\n\t\t\t\t\t\t<section class=\"elementor-section elementor-top-section elementor-element elementor-element-52f75bd6 elementor-section-boxed elementor-section-height-default elementor-section-height-default\" data-id=\"52f75bd6\" data-element_type=\"section\" data-e-type=\"section\">\n\t\t\t\t\t\t<div class=\"elementor-container elementor-column-gap-default\">\n\t\t\t\t\t<div class=\"elementor-column elementor-col-100 elementor-top-column elementor-element elementor-element-61a8e57e\" data-id=\"61a8e57e\" data-element_type=\"column\" data-e-type=\"column\">\n\t\t\t<div class=\"elementor-widget-wrap elementor-element-populated\">\n\t\t\t\t\t\t<div class=\"elementor-element elementor-element-e9e913c elementor-widget elementor-widget-heading\" data-id=\"e9e913c\" data-element_type=\"widget\" data-e-type=\"widget\" data-widget_type=\"heading.default\">\n\t\t\t\t<div class=\"elementor-widget-container\">\n\t\t\t\t\t<h3 class=\"elementor-heading-title elementor-size-medium\"><b>Modalidades y Tipos de Dictado de Capacitaciones<\/b><\/h3>\t\t\t\t<\/div>\n\t\t\t\t<\/div>\n\t\t\t\t<div class=\"elementor-element elementor-element-7c4901bb elementor-widget elementor-widget-text-editor\" data-id=\"7c4901bb\" data-element_type=\"widget\" data-e-type=\"widget\" data-widget_type=\"text-editor.default\">\n\t\t\t\t<div class=\"elementor-widget-container\">\n\t\t\t\t\t\t\t\t\t<p class=\"textohome\" style=\"text-align: justify;\">El\u00a0<strong>Centro de Formaci\u00f3n Profesional N\u00b0 655\u00a0<\/strong>en funci\u00f3n de las necesidades del sector socio productivo de Esquel y alrededores ofrece, distintas modalidades de dictado de cursos que permiten dar cumpli<span style=\"color: #000000;\">miento a las diversas exigencias del m<\/span>ercado. Para esto se implementan desde el Centro varios tipos de dictado de cursos que permiten vincular y\/o articular con los diversos sectores y niveles educativos, entre los que podemos destacar:<\/p>\t\t\t\t\t\t\t\t<\/div>\n\t\t\t\t<\/div>\n\t\t\t\t\t<\/div>\n\t\t<\/div>\n\t\t\t\t\t<\/div>\n\t\t<\/section>\n\t\t\t\t<section class=\"elementor-section elementor-top-section elementor-element elementor-element-6f847f7 elementor-section-boxed elementor-section-height-default elementor-section-height-default\" data-id=\"6f847f7\" data-element_type=\"section\" data-e-type=\"section\">\n\t\t\t\t\t\t<div class=\"elementor-container elementor-column-gap-default\">\n\t\t\t\t\t<div class=\"elementor-column elementor-col-100 elementor-top-column elementor-element elementor-element-57b7408\" data-id=\"57b7408\" data-element_type=\"column\" data-e-type=\"column\">\n\t\t\t<div class=\"elementor-widget-wrap elementor-element-populated\">\n\t\t\t\t\t\t<div class=\"elementor-element elementor-element-62d12c5 elementor-widget elementor-widget-text-editor\" data-id=\"62d12c5\" data-element_type=\"widget\" data-e-type=\"widget\" data-widget_type=\"text-editor.default\">\n\t\t\t\t<div class=\"elementor-widget-container\">\n\t\t\t\t\t\t\t\t\t<ol><li style=\"text-align: justify;\"><a href=\"https:\/\/cfp655esquel.edu.ar\/cfp655\/cursos-institucionales\/\" target=\"_blank\" rel=\"noopener\"><span style=\"text-decoration: underline;\"><strong>Cursos Institucionales<\/strong><\/span><\/a>: Est\u00e1n abiertos para j\u00f3venes y adultos sin costo. Algunos cursos requieren que los estudiantes se provean la materia prima para las pr\u00e1cticas y, en esos casos, el producto obtenido es propiedad del estudiante. Tambi\u00e9n hay pr\u00e1cticas para terceros, donde los insumos son proporcionados por el solicitante. Se ofrecen Pr\u00e1cticas Profesionalizantes para que los estudiantes tengan contacto con el mundo laboral.<\/li><li style=\"text-align: justify;\"><a href=\"https:\/\/cfp655esquel.edu.ar\/cfp655\/educacion-en-contexto-de-encierro\/\" target=\"_blank\" rel=\"noopener\"><span style=\"text-decoration: underline;\"><strong>Cursos en Contextos de Encierro:<\/strong><\/span><\/a> Ofrecen capacitaci\u00f3n a internos de la Unidad Penitenciaria N\u00b0 14 de Esquel, Instructores especializados y seguimiento t\u00e9cnico del CFP. Buscan brindar herramientas para facilitar la reinserci\u00f3n en la sociedad una vez liberados.<\/li><li style=\"text-align: justify;\"><a href=\"https:\/\/cfp655esquel.edu.ar\/cfp655\/articulaciones-convenios-y-otros\/\" target=\"_blank\" rel=\"noopener\"><span style=\"text-decoration: underline;\"><strong>Cursos por Articulaci\u00f3n, Convenios, Etc.:<\/strong><\/span><\/a> El CFP N\u00ba 655 realiza acuerdos con distintos niveles educativos e instituciones para ofrecer capacitaciones espec\u00edficas. Se dictan cursos con EPJA (Educaci\u00f3n para J\u00f3venes y Adultos) en modalidades a contra turno o integradas. Tambi\u00e9n se brindan cursos para cubrir necesidades espec\u00edficas de capacitaci\u00f3n, con financiamiento y seguimiento t\u00e9cnico pedag\u00f3gico por parte del CFP.<\/li><li style=\"text-align: justify;\"><a href=\"https:\/\/cfp655esquel.edu.ar\/cfp655\/secretaria-de-trabajo\/\" target=\"_blank\" rel=\"noopener\"><span style=\"text-decoration: underline;\"><strong>Cursos de la Secretar\u00eda de Trabajo:<\/strong><\/span><\/a> Implementados mediante el programa de Recuperaci\u00f3n de Escuelas F\u00e1bricas, dirigido a desempleados, j\u00f3venes y adultos, trabajadores que necesitan actualizaci\u00f3n y certificaciones laborales. El Centro de Formaci\u00f3n Profesional N\u00ba 655 capacita a trav\u00e9s de la Red de Centros de Formaci\u00f3n Profesional en la provincia, con financiamiento y selecci\u00f3n de beneficiarios realizados por Municipios y la Secretar\u00eda de Trabajo.<\/li><li style=\"text-align: justify;\"><a href=\"https:\/\/cfp655esquel.edu.ar\/cfp655\/cursos-mteyss\/\" target=\"_blank\" rel=\"noopener\"><span style=\"text-decoration: underline;\"><strong>Cursos en Convenio con el Ministerio de Trabajo, Empleo y Seguridad Social:<\/strong><\/span><\/a> Ofrecen capacitaciones en colaboraci\u00f3n con la Oficina de Empleo Municipal y est\u00e1n enfocados en planes como \u00abM\u00e1s y Mejor Trabajo\u00bb o el programa \u00abJ\u00f3venes\u00bb. La selecci\u00f3n de estudiantes se realiza mediante sondeos y encuestas. El financiamiento es compartido entre el Ministerio de Educaci\u00f3n (horas c\u00e1tedra para instructores) y el MTEySS (insumos y equipamiento).<\/li><\/ol>\t\t\t\t\t\t\t\t<\/div>\n\t\t\t\t<\/div>\n\t\t\t\t\t<\/div>\n\t\t<\/div>\n\t\t\t\t\t<\/div>\n\t\t<\/section>\n\t\t\t\t<\/div>\n\t\t","protected":false},"excerpt":{"rendered":"<p>Modalidades y Tipos de Dictado de Capacitaciones El\u00a0Centro de Formaci\u00f3n Profesional N\u00b0 655\u00a0en funci\u00f3n de las necesidades del sector socio productivo de Esquel y alrededores ofrece, distintas modalidades de dictado de cursos que permiten dar cumplimiento a las diversas exigencias del mercado. Para esto se implementan desde el Centro varios tipos de dictado de cursos &#8230; <a title=\"Modalidades de Dictado\" class=\"read-more\" href=\"https:\/\/cfp655esquel.edu.ar\/cfp655\/educacion-en-contextos-de-encierro\/\" aria-label=\"Leer m\u00e1s sobre Modalidades de Dictado\">Leer m\u00e1s&#8230;<\/a><\/p>\n","protected":false},"author":2,"featured_media":0,"parent":0,"menu_order":0,"comment_status":"closed","ping_status":"closed","template":"","meta":{"generate_page_header":"","footnotes":""},"class_list":{"0":"post-574","1":"page","2":"type-page","3":"status-publish","5":"infinite-scroll-item"},"_links":{"self":[{"href":"https:\/\/cfp655esquel.edu.ar\/cfp655\/wp-json\/wp\/v2\/pages\/574","targetHints":{"allow":["GET"]}}],"collection":[{"href":"https:\/\/cfp655esquel.edu.ar\/cfp655\/wp-json\/wp\/v2\/pages"}],"about":[{"href":"https:\/\/cfp655esquel.edu.ar\/cfp655\/wp-json\/wp\/v2\/types\/page"}],"author":[{"embeddable":true,"href":"https:\/\/cfp655esquel.edu.ar\/cfp655\/wp-json\/wp\/v2\/users\/2"}],"replies":[{"embeddable":true,"href":"https:\/\/cfp655esquel.edu.ar\/cfp655\/wp-json\/wp\/v2\/comments?post=574"}],"version-history":[{"count":35,"href":"https:\/\/cfp655esquel.edu.ar\/cfp655\/wp-json\/wp\/v2\/pages\/574\/revisions"}],"predecessor-version":[{"id":9467,"href":"https:\/\/cfp655esquel.edu.ar\/cfp655\/wp-json\/wp\/v2\/pages\/574\/revisions\/9467"}],"wp:attachment":[{"href":"https:\/\/cfp655esquel.edu.ar\/cfp655\/wp-json\/wp\/v2\/media?parent=574"}],"curies":[{"name":"wp","href":"https:\/\/api.w.org\/{rel}","templated":true}]}}