{"id":577,"date":"2016-04-23T15:19:10","date_gmt":"2016-04-23T18:19:10","guid":{"rendered":"https:\/\/cfp655esquel.edu.ar\/cfp655\/?page_id=577"},"modified":"2023-09-05T14:27:52","modified_gmt":"2023-09-05T17:27:52","slug":"articulaciones-convenios-y-otros","status":"publish","type":"page","link":"https:\/\/cfp655esquel.edu.ar\/cfp655\/articulaciones-convenios-y-otros\/","title":{"rendered":"Articulaciones, Convenios y Otros"},"content":{"rendered":"\t\t<div data-elementor-type=\"wp-post\" data-elementor-id=\"577\" class=\"elementor elementor-577\" data-elementor-post-type=\"page\">\n\t\t\t\t\t\t<section class=\"elementor-section elementor-top-section elementor-element elementor-element-6b1b44b elementor-section-boxed elementor-section-height-default elementor-section-height-default\" data-id=\"6b1b44b\" data-element_type=\"section\" data-e-type=\"section\">\n\t\t\t\t\t\t<div class=\"elementor-container elementor-column-gap-default\">\n\t\t\t\t\t<div class=\"elementor-column elementor-col-100 elementor-top-column elementor-element elementor-element-39e8f665\" data-id=\"39e8f665\" data-element_type=\"column\" data-e-type=\"column\">\n\t\t\t<div class=\"elementor-widget-wrap elementor-element-populated\">\n\t\t\t\t\t\t<div class=\"elementor-element elementor-element-849e682 elementor-widget elementor-widget-heading\" data-id=\"849e682\" data-element_type=\"widget\" data-e-type=\"widget\" data-widget_type=\"heading.default\">\n\t\t\t\t<div class=\"elementor-widget-container\">\n\t\t\t\t\t<h3 class=\"elementor-heading-title elementor-size-default\">Cursos po<b>r Articulaci\u00f3n, Convenios, etc.<\/b><\/h3>\t\t\t\t<\/div>\n\t\t\t\t<\/div>\n\t\t\t\t<div class=\"elementor-element elementor-element-1eaa42ec elementor-widget elementor-widget-text-editor\" data-id=\"1eaa42ec\" data-element_type=\"widget\" data-e-type=\"widget\" data-widget_type=\"text-editor.default\">\n\t\t\t\t<div class=\"elementor-widget-container\">\n\t\t\t\t\t\t\t\t\t<p class=\"textohome\" style=\"text-align: justify;\"><span style=\"color: #000000;\">El\u00a0<strong>Centro de Formaci\u00f3n Profesional N\u00b0 655<\/strong>\u00a0realiza todos los a\u00f1os articulaciones con distintos niveles educativos, firmas de convenios y o acuerdos con otras Instituciones u Organismos para poder llevar a cabo capacitaciones espec\u00edficas.<\/span><\/p><p><span style=\"color: #000000;\">En las articulaciones con otros niveles educativos se efect\u00faa el dictado de cursos con EPJA (Educaci\u00f3n para J\u00f3venes y Adultos) tanto primaria como secundarias. Estos cursos se llevan adelante en dos modalidades, la primera es una articulaci\u00f3n a contra turno, con capacitaciones acordadas de acuerdo a la modalidad de la EPJA y la segunda es una articulaci\u00f3n integrada, en la cual la capacitaci\u00f3n se encuentra incluida en el Dise\u00f1o Currricular de la EPJA.<\/span><\/p><p class=\"textohome\" style=\"text-align: justify;\"><span style=\"color: #000000;\">En cuanto a los acuerdos con otras Instituciones u Organismos, son cursos que buscan responder a las necesidades concretas de capacitaci\u00f3n que presentan estas Instituciones, que de otra manera dif\u00edcilmente podr\u00edan verse cubiertas. En muchos de los casos el financiamiento del o los cursos por parte de estos organismos y el seguimiento t\u00e9cnico pedag\u00f3gico por parte del CFP, permiten concretar acciones de capacitaci\u00f3n precisas y necesarias.<\/span><\/p><p>\u00a0<\/p>\t\t\t\t\t\t\t\t<\/div>\n\t\t\t\t<\/div>\n\t\t\t\t\t<\/div>\n\t\t<\/div>\n\t\t\t\t\t<\/div>\n\t\t<\/section>\n\t\t\t\t<\/div>\n\t\t","protected":false},"excerpt":{"rendered":"<p>Cursos por Articulaci\u00f3n, Convenios, etc. El\u00a0Centro de Formaci\u00f3n Profesional N\u00b0 655\u00a0realiza todos los a\u00f1os articulaciones con distintos niveles educativos, firmas de convenios y o acuerdos con otras Instituciones u Organismos para poder llevar a cabo capacitaciones espec\u00edficas. En las articulaciones con otros niveles educativos se efect\u00faa el dictado de cursos con EPJA (Educaci\u00f3n para J\u00f3venes &#8230; <a title=\"Articulaciones, Convenios y Otros\" class=\"read-more\" href=\"https:\/\/cfp655esquel.edu.ar\/cfp655\/articulaciones-convenios-y-otros\/\" aria-label=\"Leer m\u00e1s sobre Articulaciones, Convenios y Otros\">Leer m\u00e1s&#8230;<\/a><\/p>\n","protected":false},"author":2,"featured_media":0,"parent":0,"menu_order":0,"comment_status":"closed","ping_status":"closed","template":"","meta":{"generate_page_header":"","footnotes":""},"class_list":{"0":"post-577","1":"page","2":"type-page","3":"status-publish","5":"infinite-scroll-item"},"_links":{"self":[{"href":"https:\/\/cfp655esquel.edu.ar\/cfp655\/wp-json\/wp\/v2\/pages\/577","targetHints":{"allow":["GET"]}}],"collection":[{"href":"https:\/\/cfp655esquel.edu.ar\/cfp655\/wp-json\/wp\/v2\/pages"}],"about":[{"href":"https:\/\/cfp655esquel.edu.ar\/cfp655\/wp-json\/wp\/v2\/types\/page"}],"author":[{"embeddable":true,"href":"https:\/\/cfp655esquel.edu.ar\/cfp655\/wp-json\/wp\/v2\/users\/2"}],"replies":[{"embeddable":true,"href":"https:\/\/cfp655esquel.edu.ar\/cfp655\/wp-json\/wp\/v2\/comments?post=577"}],"version-history":[{"count":7,"href":"https:\/\/cfp655esquel.edu.ar\/cfp655\/wp-json\/wp\/v2\/pages\/577\/revisions"}],"predecessor-version":[{"id":9481,"href":"https:\/\/cfp655esquel.edu.ar\/cfp655\/wp-json\/wp\/v2\/pages\/577\/revisions\/9481"}],"wp:attachment":[{"href":"https:\/\/cfp655esquel.edu.ar\/cfp655\/wp-json\/wp\/v2\/media?parent=577"}],"curies":[{"name":"wp","href":"https:\/\/api.w.org\/{rel}","templated":true}]}}