{"id":8,"date":"2016-03-11T09:25:31","date_gmt":"2016-03-11T12:25:31","guid":{"rendered":"https:\/\/cfp655esquel.edu.ar\/cfp655\/?page_id=8"},"modified":"2023-09-01T14:18:21","modified_gmt":"2023-09-01T17:18:21","slug":"institucional","status":"publish","type":"page","link":"https:\/\/cfp655esquel.edu.ar\/cfp655\/institucional\/","title":{"rendered":"Institucional"},"content":{"rendered":"\t\t<div data-elementor-type=\"wp-post\" data-elementor-id=\"8\" class=\"elementor elementor-8\" data-elementor-post-type=\"page\">\n\t\t\t\t\t\t<section class=\"elementor-section elementor-top-section elementor-element elementor-element-5753f185 elementor-section-boxed elementor-section-height-default elementor-section-height-default\" data-id=\"5753f185\" data-element_type=\"section\" data-e-type=\"section\">\n\t\t\t\t\t\t<div class=\"elementor-container elementor-column-gap-default\">\n\t\t\t\t\t<div class=\"elementor-column elementor-col-100 elementor-top-column elementor-element elementor-element-634bf3f1\" data-id=\"634bf3f1\" data-element_type=\"column\" data-e-type=\"column\">\n\t\t\t<div class=\"elementor-widget-wrap elementor-element-populated\">\n\t\t\t\t\t\t<div class=\"elementor-element elementor-element-fecb2e9 elementor-widget elementor-widget-heading\" data-id=\"fecb2e9\" data-element_type=\"widget\" data-e-type=\"widget\" data-widget_type=\"heading.default\">\n\t\t\t\t<div class=\"elementor-widget-container\">\n\t\t\t\t\t<h3 class=\"elementor-heading-title elementor-size-medium\">Formando para el Trabajo<\/h3>\t\t\t\t<\/div>\n\t\t\t\t<\/div>\n\t\t\t\t<div class=\"elementor-element elementor-element-45f20fa elementor-widget elementor-widget-text-editor\" data-id=\"45f20fa\" data-element_type=\"widget\" data-e-type=\"widget\" data-widget_type=\"text-editor.default\">\n\t\t\t\t<div class=\"elementor-widget-container\">\n\t\t\t\t\t\t\t\t\t<p style=\"text-align: justify;\"><span style=\"color: #000000;\"><strong><img fetchpriority=\"high\" decoding=\"async\" class=\"wp-image-7879 size-medium alignleft\" src=\"https:\/\/cfp655esquel.edu.ar\/cfp655\/wp-content\/uploads\/2022\/12\/CFP655-PanaderoCIERRE-06-225x300.jpg\" alt=\"\" width=\"225\" height=\"300\" srcset=\"https:\/\/cfp655esquel.edu.ar\/cfp655\/wp-content\/uploads\/2022\/12\/CFP655-PanaderoCIERRE-06-225x300.jpg 225w, https:\/\/cfp655esquel.edu.ar\/cfp655\/wp-content\/uploads\/2022\/12\/CFP655-PanaderoCIERRE-06.jpg 768w\" sizes=\"(max-width: 225px) 100vw, 225px\" \/>El\u00a0Centro de Formaci\u00f3n Profesional N\u00b0 655<\/strong>\u00a0es una Instituci\u00f3n dependiente del\u00a0<a style=\"color: #000000;\" href=\"http:\/\/www.chubut.edu.ar\/\" target=\"_blank\" rel=\"noopener\">Ministerio de Educaci\u00f3n de la provincia de Chubut<\/a>. Integra la Red Provincial de Centros de Formaci\u00f3n Profesional y se encuentra situado en la ciudad de Esquel, con su Sede Central en el 1036 de la calle Chacabuco de esa localidad.<\/span><\/p><p style=\"text-align: justify;\"><span style=\"color: #000000;\">Actualmente, adem\u00e1s de la\u00a0<strong>Sede Central<\/strong>, en la que funcionan los talleres de Mec\u00e1nica, Construcciones Civiles, Inform\u00e1tica, Administraci\u00f3n, etc., posee un anexo ubicado en la calle S\u00e1enz Pe\u00f1a 2627 correspondiente a las \u00e1reas de Carpinter\u00eda y Gastronom\u00eda.\u00a0<\/span><\/p><p class=\"textohome\" style=\"text-align: justify;\"><span style=\"color: #000000;\"><strong><img decoding=\"async\" class=\"wp-image-7868 size-medium alignright\" src=\"https:\/\/cfp655esquel.edu.ar\/cfp655\/wp-content\/uploads\/2022\/12\/CFP655-CarpinteriaCIERRE-10-300x168.jpg\" alt=\"\" width=\"300\" height=\"168\" srcset=\"https:\/\/cfp655esquel.edu.ar\/cfp655\/wp-content\/uploads\/2022\/12\/CFP655-CarpinteriaCIERRE-10-300x168.jpg 300w, https:\/\/cfp655esquel.edu.ar\/cfp655\/wp-content\/uploads\/2022\/12\/CFP655-CarpinteriaCIERRE-10.jpg 1024w\" sizes=\"(max-width: 300px) 100vw, 300px\" \/>El Centro de Formaci\u00f3n Profesional N\u00b0 655<\/strong> tiene una trayectoria de 30 a\u00f1os en la ciudad de Esquel brindando a j\u00f3venes y adultos los estudios y aprendizajes que les permitan lograr una efectiva inserci\u00f3n laboral, propiciando tambi\u00e9n la reinserci\u00f3n o actualizaci\u00f3n laboral de aquellas personas que as\u00ed lo deseen y persiguiendo el objetivo principal de ampliar y adaptar el conocimiento y habilidades de los actuales y futuros trabajadores.<\/span><\/p><p class=\"textohome\" style=\"text-align: justify;\"><span style=\"color: #000000;\">Todas las capacitaciones que dicta este Centro son absolutamente gratuitas cumpliendo de esta manera la disposici\u00f3n provincial de acercar a todos aquellos interesados, los medios para mejorar su situaci\u00f3n de empleabilidad.<\/span><\/p><p class=\"textohome\" style=\"text-align: justify;\"><span style=\"color: #000000;\">Para financiar el mantenimiento\u00a0de los talleres y continuar creciendo, el Centro posee un fondo com\u00fan para el mantenimiento de m\u00e1quinas y herramientas que es de car\u00e1cter voluntario, adem\u00e1s de presentar permanentemente proyectos de financiaci\u00f3n a entes Nacionales como el\u00a0<a style=\"color: #000000;\" href=\"http:\/\/www.inet.edu.ar\/\" target=\"_blank\" rel=\"noopener\">INET<\/a>\u00a0(Instituto Nacional de Educaci\u00f3n Tecnol\u00f3gica) o Provinciales como la Secretar\u00eda de Trabajo de la Provincia.<\/span><\/p><p><span style=\"color: #000000;\"><strong><img decoding=\"async\" class=\"wp-image-8399 size-medium alignright\" src=\"https:\/\/cfp655esquel.edu.ar\/cfp655\/wp-content\/uploads\/2023\/05\/CFP655-MantenimientoyReparacion2023-02-300x224.jpg\" alt=\"\" width=\"300\" height=\"224\" srcset=\"https:\/\/cfp655esquel.edu.ar\/cfp655\/wp-content\/uploads\/2023\/05\/CFP655-MantenimientoyReparacion2023-02-300x224.jpg 300w, https:\/\/cfp655esquel.edu.ar\/cfp655\/wp-content\/uploads\/2023\/05\/CFP655-MantenimientoyReparacion2023-02.jpg 1024w\" sizes=\"(max-width: 300px) 100vw, 300px\" \/><\/strong><\/span><\/p><p class=\"textohome\" style=\"text-align: justify;\"><span style=\"color: #000000;\">Gracias a diferentes l\u00edneas crediticias del\u00a0<a style=\"color: #000000;\" href=\"http:\/\/www.inet.edu.ar\/\" target=\"_blank\" rel=\"noopener\">INET,<\/a>\u00a0como los denominados\u00a0<strong>\u201cPlanes de Mejoras Institucionales\u201d<\/strong>\u00a0o\u00a0<strong>\u201cPlanes Equipar\u201d<\/strong>, este Centro ha\u00a0 actualizado el equipamiento y herramientas de talleres como el de la Industria de la Madera, Mec\u00e1nica, Electricidad, Gastronom\u00eda, etc. Asimismo, y utilizando las mismas l\u00edneas de desarrollo, se han adquirido los equipos necesarios para contar con un moderno gabinete inform\u00e1tico y una completa biblioteca T\u00e9cnica.<\/span><\/p><p class=\"textohome\" style=\"text-align: justify;\"><span style=\"color: #000000;\">Trabajando en conjunto con la Secretar\u00eda de Trabajo de la Provincia, el Centro ha adquirido diferentes equipos, herramientas e insumos que posibilitaron el exitoso dictado de cursos y capacitaciones a distintas localidades pr\u00f3ximas a Esquel.<\/span><\/p><p class=\"textohome\" style=\"text-align: justify;\"><span style=\"color: #000000;\"><strong>El Centro de Formaci\u00f3n Profesional N\u00b0\u00a0655<\/strong>\u00a0ha\u00a0crecido exponencialmente desde su creaci\u00f3n, llegando en la actualidad a capacitar a m\u00e1s de 700 individuos por a\u00f1o, que de esta forma logran acceder a un trabajo o mejorar su situaci\u00f3n laboral, cumpliendo de esta manera con la premisa fundamental de\u00a0la Formaci\u00f3n Profesional:\u00a0<strong>Capacitar a las personas para el desempe\u00f1o cualificado en las distintas profesiones, posibilitando el acceso al empleo o a una mejor posici\u00f3n laboral, logrando as\u00ed una participaci\u00f3n activa de las mismas en la vida social, cultural y econ\u00f3mica.<\/strong><\/span><\/p>\t\t\t\t\t\t\t\t<\/div>\n\t\t\t\t<\/div>\n\t\t\t\t\t<\/div>\n\t\t<\/div>\n\t\t\t\t\t<\/div>\n\t\t<\/section>\n\t\t\t\t<\/div>\n\t\t","protected":false},"excerpt":{"rendered":"<p>Formando para el Trabajo El\u00a0Centro de Formaci\u00f3n Profesional N\u00b0 655\u00a0es una Instituci\u00f3n dependiente del\u00a0Ministerio de Educaci\u00f3n de la provincia de Chubut. Integra la Red Provincial de Centros de Formaci\u00f3n Profesional y se encuentra situado en la ciudad de Esquel, con su Sede Central en el 1036 de la calle Chacabuco de esa localidad. Actualmente, adem\u00e1s &#8230; <a title=\"Institucional\" class=\"read-more\" href=\"https:\/\/cfp655esquel.edu.ar\/cfp655\/institucional\/\" aria-label=\"Leer m\u00e1s sobre Institucional\">Leer m\u00e1s&#8230;<\/a><\/p>\n","protected":false},"author":2,"featured_media":0,"parent":0,"menu_order":0,"comment_status":"closed","ping_status":"closed","template":"","meta":{"generate_page_header":"","footnotes":""},"class_list":{"0":"post-8","1":"page","2":"type-page","3":"status-publish","5":"infinite-scroll-item"},"_links":{"self":[{"href":"https:\/\/cfp655esquel.edu.ar\/cfp655\/wp-json\/wp\/v2\/pages\/8","targetHints":{"allow":["GET"]}}],"collection":[{"href":"https:\/\/cfp655esquel.edu.ar\/cfp655\/wp-json\/wp\/v2\/pages"}],"about":[{"href":"https:\/\/cfp655esquel.edu.ar\/cfp655\/wp-json\/wp\/v2\/types\/page"}],"author":[{"embeddable":true,"href":"https:\/\/cfp655esquel.edu.ar\/cfp655\/wp-json\/wp\/v2\/users\/2"}],"replies":[{"embeddable":true,"href":"https:\/\/cfp655esquel.edu.ar\/cfp655\/wp-json\/wp\/v2\/comments?post=8"}],"version-history":[{"count":60,"href":"https:\/\/cfp655esquel.edu.ar\/cfp655\/wp-json\/wp\/v2\/pages\/8\/revisions"}],"predecessor-version":[{"id":9272,"href":"https:\/\/cfp655esquel.edu.ar\/cfp655\/wp-json\/wp\/v2\/pages\/8\/revisions\/9272"}],"wp:attachment":[{"href":"https:\/\/cfp655esquel.edu.ar\/cfp655\/wp-json\/wp\/v2\/media?parent=8"}],"curies":[{"name":"wp","href":"https:\/\/api.w.org\/{rel}","templated":true}]}}