{"id":8509,"date":"2023-06-23T08:49:11","date_gmt":"2023-06-23T11:49:11","guid":{"rendered":"https:\/\/cfp655esquel.edu.ar\/cfp655\/?page_id=8509"},"modified":"2023-06-23T13:56:03","modified_gmt":"2023-06-23T16:56:03","slug":"consulta-si-tu-titulo-esta-para-retirar","status":"publish","type":"page","link":"https:\/\/cfp655esquel.edu.ar\/cfp655\/consulta-si-tu-titulo-esta-para-retirar\/","title":{"rendered":"Consult\u00e1 si tu T\u00edtulo est\u00e1 para Retirar"},"content":{"rendered":"\t\t<div data-elementor-type=\"wp-page\" data-elementor-id=\"8509\" class=\"elementor elementor-8509\" data-elementor-post-type=\"page\">\n\t\t\t\t\t\t<section class=\"elementor-section elementor-top-section elementor-element elementor-element-f99626d elementor-section-boxed elementor-section-height-default elementor-section-height-default\" data-id=\"f99626d\" data-element_type=\"section\" data-e-type=\"section\">\n\t\t\t\t\t\t<div class=\"elementor-container elementor-column-gap-default\">\n\t\t\t\t\t<div class=\"elementor-column elementor-col-100 elementor-top-column elementor-element elementor-element-597b73b\" data-id=\"597b73b\" data-element_type=\"column\" data-e-type=\"column\">\n\t\t\t<div class=\"elementor-widget-wrap elementor-element-populated\">\n\t\t\t\t\t\t<div class=\"elementor-element elementor-element-675b315 elementor-widget elementor-widget-text-editor\" data-id=\"675b315\" data-element_type=\"widget\" data-e-type=\"widget\" data-widget_type=\"text-editor.default\">\n\t\t\t\t<div class=\"elementor-widget-container\">\n\t\t\t\t\t\t\t\t\t<p>En esta secci\u00f3n podr\u00e1s consultar si\u00a0 tu Certificado se encuentra en la Preceptor\u00eda del CFP para retirar.\u00a0<span style=\"color: var( --e-global-color-text );\">Ingres\u00e1 tu DNI separado por puntos en el cuadro de b\u00fasqueda para conocer que Certificados ten\u00e9s disponibles, tambi\u00e9n podr\u00e1s realizar la b\u00fasqueda por tu apellido o el nombre del curso.<\/span><\/p><p>Record\u00e1 que para retirarlo deber\u00e1s acercarte con DNI en mano a la Preceptor\u00eda del CFP 655.\u00a0Por cualquier consulta escribinos a <span style=\"text-decoration: underline;\"><strong><a href=\"mailto:preceptoriacfp655@gmail.com\" target=\"_blank\" rel=\"noopener\">preceptoriacfp655@gmail.com<\/a><\/strong><\/span> que te responderemos a la brevedad.<\/p>\t\t\t\t\t\t\t\t<\/div>\n\t\t\t\t<\/div>\n\t\t\t\t\t<\/div>\n\t\t<\/div>\n\t\t\t\t\t<\/div>\n\t\t<\/section>\n\t\t\t\t<section class=\"elementor-section elementor-top-section elementor-element elementor-element-2d9e5d5 elementor-section-boxed elementor-section-height-default elementor-section-height-default\" data-id=\"2d9e5d5\" data-element_type=\"section\" data-e-type=\"section\">\n\t\t\t\t\t\t<div class=\"elementor-container elementor-column-gap-default\">\n\t\t\t\t\t<div class=\"elementor-column elementor-col-100 elementor-top-column elementor-element elementor-element-ead6b18\" data-id=\"ead6b18\" data-element_type=\"column\" data-e-type=\"column\">\n\t\t\t<div class=\"elementor-widget-wrap\">\n\t\t\t\t\t\t\t<\/div>\n\t\t<\/div>\n\t\t\t\t\t<\/div>\n\t\t<\/section>\n\t\t\t\t<section class=\"elementor-section elementor-top-section elementor-element elementor-element-4bd5f3a elementor-section-boxed elementor-section-height-default elementor-section-height-default\" data-id=\"4bd5f3a\" data-element_type=\"section\" data-e-type=\"section\">\n\t\t\t\t\t\t<div class=\"elementor-container elementor-column-gap-default\">\n\t\t\t\t\t<div class=\"elementor-column elementor-col-100 elementor-top-column elementor-element elementor-element-58c82cf\" data-id=\"58c82cf\" data-element_type=\"column\" data-e-type=\"column\">\n\t\t\t<div class=\"elementor-widget-wrap elementor-element-populated\">\n\t\t\t\t\t\t<div class=\"elementor-element elementor-element-2374dfc elementor-widget elementor-widget-shortcode\" data-id=\"2374dfc\" data-element_type=\"widget\" data-e-type=\"widget\" data-widget_type=\"shortcode.default\">\n\t\t\t\t<div class=\"elementor-widget-container\">\n\t\t\t\t\t\t\t<div class=\"elementor-shortcode\">[table \u201c\u201d not found \/]<br \/>\n\n<\/div>\n\t\t\t\t\t\t<\/div>\n\t\t\t\t<\/div>\n\t\t\t\t\t<\/div>\n\t\t<\/div>\n\t\t\t\t\t<\/div>\n\t\t<\/section>\n\t\t\t\t<\/div>\n\t\t","protected":false},"excerpt":{"rendered":"<p>En esta secci\u00f3n podr\u00e1s consultar si\u00a0 tu Certificado se encuentra en la Preceptor\u00eda del CFP para retirar.\u00a0Ingres\u00e1 tu DNI separado por puntos en el cuadro de b\u00fasqueda para conocer que Certificados ten\u00e9s disponibles, tambi\u00e9n podr\u00e1s realizar la b\u00fasqueda por tu apellido o el nombre del curso. Record\u00e1 que para retirarlo deber\u00e1s acercarte con DNI en &#8230; <a title=\"Consult\u00e1 si tu T\u00edtulo est\u00e1 para Retirar\" class=\"read-more\" href=\"https:\/\/cfp655esquel.edu.ar\/cfp655\/consulta-si-tu-titulo-esta-para-retirar\/\" aria-label=\"Leer m\u00e1s sobre Consult\u00e1 si tu T\u00edtulo est\u00e1 para Retirar\">Leer m\u00e1s&#8230;<\/a><\/p>\n","protected":false},"author":2,"featured_media":0,"parent":0,"menu_order":0,"comment_status":"closed","ping_status":"closed","template":"","meta":{"generate_page_header":"","footnotes":""},"class_list":{"0":"post-8509","1":"page","2":"type-page","3":"status-publish","5":"infinite-scroll-item"},"_links":{"self":[{"href":"https:\/\/cfp655esquel.edu.ar\/cfp655\/wp-json\/wp\/v2\/pages\/8509","targetHints":{"allow":["GET"]}}],"collection":[{"href":"https:\/\/cfp655esquel.edu.ar\/cfp655\/wp-json\/wp\/v2\/pages"}],"about":[{"href":"https:\/\/cfp655esquel.edu.ar\/cfp655\/wp-json\/wp\/v2\/types\/page"}],"author":[{"embeddable":true,"href":"https:\/\/cfp655esquel.edu.ar\/cfp655\/wp-json\/wp\/v2\/users\/2"}],"replies":[{"embeddable":true,"href":"https:\/\/cfp655esquel.edu.ar\/cfp655\/wp-json\/wp\/v2\/comments?post=8509"}],"version-history":[{"count":28,"href":"https:\/\/cfp655esquel.edu.ar\/cfp655\/wp-json\/wp\/v2\/pages\/8509\/revisions"}],"predecessor-version":[{"id":8548,"href":"https:\/\/cfp655esquel.edu.ar\/cfp655\/wp-json\/wp\/v2\/pages\/8509\/revisions\/8548"}],"wp:attachment":[{"href":"https:\/\/cfp655esquel.edu.ar\/cfp655\/wp-json\/wp\/v2\/media?parent=8509"}],"curies":[{"name":"wp","href":"https:\/\/api.w.org\/{rel}","templated":true}]}}